{"id":1404,"date":"2025-10-29T10:24:56","date_gmt":"2025-10-29T09:24:56","guid":{"rendered":"http:\/\/kinderaerzte-gersthofen.wunderwald.eu\/?page_id=1404"},"modified":"2025-11-24T11:59:30","modified_gmt":"2025-11-24T10:59:30","slug":"impressum","status":"publish","type":"page","link":"https:\/\/ka.wunderwald.eu\/?page_id=1404","title":{"rendered":"Impressum"},"content":{"rendered":"\t\t<div data-elementor-type=\"wp-page\" data-elementor-id=\"1404\" class=\"elementor elementor-1404\" data-elementor-post-type=\"page\">\n\t\t\t\t<section class=\"elementor-element elementor-element-96ba988 e-flex e-con-boxed e-con e-parent\" data-id=\"96ba988\" data-element_type=\"container\" data-settings=\"{&quot;background_background&quot;:&quot;classic&quot;}\">\n\t\t\t\t\t<div class=\"e-con-inner\">\n\t\t\t\t<div class=\"elementor-element elementor-element-2d7c1c2 elementor-widget elementor-widget-heading\" data-id=\"2d7c1c2\" data-element_type=\"widget\" data-widget_type=\"heading.default\">\n\t\t\t\t\t<h1 class=\"elementor-heading-title elementor-size-default\">Impressum<\/h1>\t\t\t\t<\/div>\n\t\t<div class=\"elementor-element elementor-element-5953452 e-con-full e-flex e-con e-child\" data-id=\"5953452\" data-element_type=\"container\">\n\t\t\t\t<div class=\"elementor-element elementor-element-a5da004 elementor-widget elementor-widget-heading\" data-id=\"a5da004\" data-element_type=\"widget\" data-widget_type=\"heading.default\">\n\t\t\t\t\t<h3 class=\"elementor-heading-title elementor-size-default\">Kinder- und Jugendarzt-Praxis Gersthofen<\/h3>\t\t\t\t<\/div>\n\t\t\t\t<div class=\"elementor-element elementor-element-0d1cc7e elementor-widget__width-inherit elementor-widget elementor-widget-text-editor\" data-id=\"0d1cc7e\" data-element_type=\"widget\" data-widget_type=\"text-editor.default\">\n\t\t\t\t\t\t\t\t\t<p>Bahnhofstra\u00dfe 17<br \/>86368 Gersthofen<\/p><p>Dr. med. Zuhal Tomas<br \/>Sofie Schneider<br \/>Karina Springsklee<\/p>\t\t\t\t\t\t\t\t<\/div>\n\t\t\t\t<div class=\"elementor-element elementor-element-65e4839 elementor-widget__width-inherit elementor-widget elementor-widget-text-editor\" data-id=\"65e4839\" data-element_type=\"widget\" data-widget_type=\"text-editor.default\">\n\t\t\t\t\t\t\t\t\t<p>Telefon: 0821-497333<br \/>Telefax: 0821-471420<br \/>E-Mail:\u00a0praxis@kinderaerzte-gersthofen.de<\/p>\t\t\t\t\t\t\t\t<\/div>\n\t\t\t\t<\/div>\n\t\t<div class=\"elementor-element elementor-element-dd80efb e-con-full e-flex e-con e-child\" data-id=\"dd80efb\" data-element_type=\"container\">\n\t\t\t\t<div class=\"elementor-element elementor-element-f8dd13e elementor-widget elementor-widget-heading\" data-id=\"f8dd13e\" data-element_type=\"widget\" data-widget_type=\"heading.default\">\n\t\t\t\t\t<h3 class=\"elementor-heading-title elementor-size-default\">Berufsbezeichnung und\nberufsrechtliche Regelungen<\/h3>\t\t\t\t<\/div>\n\t\t\t\t<div class=\"elementor-element elementor-element-ed79a39 elementor-widget__width-inherit elementor-widget elementor-widget-text-editor\" data-id=\"ed79a39\" data-element_type=\"widget\" data-widget_type=\"text-editor.default\">\n\t\t\t\t\t\t\t\t\t<p>Berufsbezeichnung und<br \/>berufsrechtliche Regelungen<br \/>Berufsbezeichnung: Facharzt f\u00fcr Kinder- und Jugendheilkunde<br \/>Zust\u00e4ndige Kammer: Bayerische Landes\u00e4rztekammer<br \/>Verliehen in: Deutschland<br \/>Es gelten folgende berufsrechtliche Regelungen:<br \/>Regelungen einsehbar unter:\u00a0<a href=\"https:\/\/www.blaek.de\" target=\"_blank\" rel=\"noopener\"><span style=\"text-decoration: underline;\">https:\/\/www.blaek.de<\/span><\/a><\/p>\t\t\t\t\t\t\t\t<\/div>\n\t\t\t\t<\/div>\n\t\t<div class=\"elementor-element elementor-element-fc58d52 e-con-full e-flex e-con e-child\" data-id=\"fc58d52\" data-element_type=\"container\">\n\t\t\t\t<div class=\"elementor-element elementor-element-409cd9f elementor-widget elementor-widget-heading\" data-id=\"409cd9f\" data-element_type=\"widget\" data-widget_type=\"heading.default\">\n\t\t\t\t\t<h3 class=\"elementor-heading-title elementor-size-default\">EU-Streitschlichtung<\/h3>\t\t\t\t<\/div>\n\t\t\t\t<div class=\"elementor-element elementor-element-dd2568c elementor-widget__width-inherit elementor-widget elementor-widget-text-editor\" data-id=\"dd2568c\" data-element_type=\"widget\" data-widget_type=\"text-editor.default\">\n\t\t\t\t\t\t\t\t\t<p>Die Europ\u00e4ische Kommission stellt eine Plattform zur Online-Streitbeilegung (OS) bereit:\u00a0<a href=\"https:\/\/ec.europa.eu\/consumers\/odr\/\" target=\"_blank\" rel=\"noopener\"><span style=\"text-decoration: underline;\">https:\/\/ec.europa.eu\/consumers\/odr\/<\/span><\/a>.<br \/>Unsere E-Mail-Adresse finden Sie oben im Impressum<\/p>\t\t\t\t\t\t\t\t<\/div>\n\t\t\t\t<\/div>\n\t\t<div class=\"elementor-element elementor-element-10d0ca5 e-con-full e-flex e-con e-child\" data-id=\"10d0ca5\" data-element_type=\"container\">\n\t\t\t\t<div class=\"elementor-element elementor-element-7f38261 elementor-widget elementor-widget-heading\" data-id=\"7f38261\" data-element_type=\"widget\" data-widget_type=\"heading.default\">\n\t\t\t\t\t<h3 class=\"elementor-heading-title elementor-size-default\">Verbraucher\u00adstreit\u00adbeilegung\/Universal\u00adschlichtungs\u00adstelle<\/h3>\t\t\t\t<\/div>\n\t\t\t\t<div class=\"elementor-element elementor-element-9ed891e elementor-widget__width-inherit elementor-widget elementor-widget-text-editor\" data-id=\"9ed891e\" data-element_type=\"widget\" data-widget_type=\"text-editor.default\">\n\t\t\t\t\t\t\t\t\t<p>Wir sind nicht bereit oder verpflichtet, an Streitbeilegungsverfahren vor einer Verbraucherschlichtungsstelle teilzunehmen.<\/p>\t\t\t\t\t\t\t\t<\/div>\n\t\t\t\t<\/div>\n\t\t<div class=\"elementor-element elementor-element-b5a826b e-con-full e-flex e-con e-child\" data-id=\"b5a826b\" data-element_type=\"container\">\n\t\t\t\t<div class=\"elementor-element elementor-element-43add2e elementor-widget elementor-widget-heading\" data-id=\"43add2e\" data-element_type=\"widget\" data-widget_type=\"heading.default\">\n\t\t\t\t\t<h3 class=\"elementor-heading-title elementor-size-default\">Bilder Team<\/h3>\t\t\t\t<\/div>\n\t\t\t\t<div class=\"elementor-element elementor-element-78702d1 elementor-widget__width-inherit elementor-widget elementor-widget-text-editor\" data-id=\"78702d1\" data-element_type=\"widget\" data-widget_type=\"text-editor.default\">\n\t\t\t\t\t\t\t\t\t<p>Stefan Winterstetter, Winterstetter Photography, Augsburg <br \/>(die Urheberschaft liegt bei Stefan Winterstetter und bedarf der vorherigen Genehmigung)<\/p>\t\t\t\t\t\t\t\t<\/div>\n\t\t\t\t<\/div>\n\t\t<div class=\"elementor-element elementor-element-91e82c3 e-con-full e-flex e-con e-child\" data-id=\"91e82c3\" data-element_type=\"container\">\n\t\t\t\t<div class=\"elementor-element elementor-element-b860f13 elementor-widget elementor-widget-heading\" data-id=\"b860f13\" data-element_type=\"widget\" data-widget_type=\"heading.default\">\n\t\t\t\t\t<h3 class=\"elementor-heading-title elementor-size-default\">Bilder<\/h3>\t\t\t\t<\/div>\n\t\t\t\t<div class=\"elementor-element elementor-element-6f7d668 elementor-widget__width-inherit elementor-widget elementor-widget-text-editor\" data-id=\"6f7d668\" data-element_type=\"widget\" data-widget_type=\"text-editor.default\">\n\t\t\t\t\t\t\t\t\t<p>Imagebilder unterliegen den Lizenzbestimmungen von AdobeStock.<\/p>\t\t\t\t\t\t\t\t<\/div>\n\t\t\t\t<\/div>\n\t\t<div class=\"elementor-element elementor-element-15db35e e-con-full e-flex e-con e-child\" data-id=\"15db35e\" data-element_type=\"container\">\n\t\t\t\t<div class=\"elementor-element elementor-element-970e9a2 elementor-widget elementor-widget-heading\" data-id=\"970e9a2\" data-element_type=\"widget\" data-widget_type=\"heading.default\">\n\t\t\t\t\t<h3 class=\"elementor-heading-title elementor-size-default\">Design<\/h3>\t\t\t\t<\/div>\n\t\t\t\t<div class=\"elementor-element elementor-element-cfef769 elementor-widget__width-inherit elementor-widget elementor-widget-text-editor\" data-id=\"cfef769\" data-element_type=\"widget\" data-widget_type=\"text-editor.default\">\n\t\t\t\t\t\t\t\t\t<p><span style=\"text-decoration: underline;\"><a href=\"https:\/\/wunderwald.eu\" target=\"_blank\" rel=\"noopener\"><strong>WUNDERWALD<\/strong> Branding und Design<\/a><\/span><\/p>\t\t\t\t\t\t\t\t<\/div>\n\t\t\t\t<\/div>\n\t\t\t\t\t<\/div>\n\t\t\t\t<\/section>\n\t\t\t\t<\/div>\n\t\t","protected":false},"excerpt":{"rendered":"<p>Impressum Kinder- und Jugendarzt-Praxis Gersthofen Bahnhofstra\u00dfe 1786368 Gersthofen Dr. med. Zuhal TomasSofie SchneiderKarina Springsklee Telefon: 0821-497333Telefax: 0821-471420E-Mail:\u00a0praxis@kinderaerzte-gersthofen.de Berufsbezeichnung und berufsrechtliche Regelungen Berufsbezeichnung undberufsrechtliche RegelungenBerufsbezeichnung: Facharzt f\u00fcr Kinder- und JugendheilkundeZust\u00e4ndige Kammer: Bayerische Landes\u00e4rztekammerVerliehen in: DeutschlandEs gelten folgende berufsrechtliche Regelungen:Regelungen einsehbar unter:\u00a0https:\/\/www.blaek.de EU-Streitschlichtung Die Europ\u00e4ische Kommission stellt eine Plattform zur Online-Streitbeilegung (OS) bereit:\u00a0https:\/\/ec.europa.eu\/consumers\/odr\/.Unsere E-Mail-Adresse finden Sie oben [&hellip;]<\/p>\n","protected":false},"author":1,"featured_media":0,"parent":0,"menu_order":1000,"comment_status":"closed","ping_status":"closed","template":"","meta":{"footnotes":""},"class_list":["post-1404","page","type-page","status-publish","hentry"],"_links":{"self":[{"href":"https:\/\/ka.wunderwald.eu\/index.php?rest_route=\/wp\/v2\/pages\/1404","targetHints":{"allow":["GET"]}}],"collection":[{"href":"https:\/\/ka.wunderwald.eu\/index.php?rest_route=\/wp\/v2\/pages"}],"about":[{"href":"https:\/\/ka.wunderwald.eu\/index.php?rest_route=\/wp\/v2\/types\/page"}],"author":[{"embeddable":true,"href":"https:\/\/ka.wunderwald.eu\/index.php?rest_route=\/wp\/v2\/users\/1"}],"replies":[{"embeddable":true,"href":"https:\/\/ka.wunderwald.eu\/index.php?rest_route=%2Fwp%2Fv2%2Fcomments&post=1404"}],"version-history":[{"count":3,"href":"https:\/\/ka.wunderwald.eu\/index.php?rest_route=\/wp\/v2\/pages\/1404\/revisions"}],"predecessor-version":[{"id":2552,"href":"https:\/\/ka.wunderwald.eu\/index.php?rest_route=\/wp\/v2\/pages\/1404\/revisions\/2552"}],"wp:attachment":[{"href":"https:\/\/ka.wunderwald.eu\/index.php?rest_route=%2Fwp%2Fv2%2Fmedia&parent=1404"}],"curies":[{"name":"wp","href":"https:\/\/api.w.org\/{rel}","templated":true}]}}