{"id":1395,"date":"2025-10-29T10:22:57","date_gmt":"2025-10-29T09:22:57","guid":{"rendered":"http:\/\/kinderaerzte-gersthofen.wunderwald.eu\/?page_id=1395"},"modified":"2025-11-24T12:01:05","modified_gmt":"2025-11-24T11:01:05","slug":"kontakt","status":"publish","type":"page","link":"https:\/\/ka.wunderwald.eu\/?page_id=1395","title":{"rendered":"Kontakt"},"content":{"rendered":"\t\t<div data-elementor-type=\"wp-page\" data-elementor-id=\"1395\" class=\"elementor elementor-1395\" data-elementor-post-type=\"page\">\n\t\t\t\t<section class=\"elementor-element elementor-element-ed66879 e-flex e-con-boxed elementor-invisible e-con e-parent\" data-id=\"ed66879\" data-element_type=\"container\" data-settings=\"{&quot;background_background&quot;:&quot;classic&quot;,&quot;animation&quot;:&quot;fadeIn&quot;}\">\n\t\t\t\t\t<div class=\"e-con-inner\">\n\t\t<div class=\"elementor-element elementor-element-3714bd4 e-con-full e-flex e-con e-child\" data-id=\"3714bd4\" data-element_type=\"container\" data-settings=\"{&quot;background_background&quot;:&quot;classic&quot;}\">\n\t\t\t\t<\/div>\n\t\t<div class=\"elementor-element elementor-element-85f352b e-con-full e-flex e-con e-child\" data-id=\"85f352b\" data-element_type=\"container\" data-settings=\"{&quot;background_background&quot;:&quot;classic&quot;}\">\n\t\t<div class=\"elementor-element elementor-element-4d6c37f e-con-full e-flex e-con e-child\" data-id=\"4d6c37f\" data-element_type=\"container\">\n\t\t<div class=\"elementor-element elementor-element-da06646 e-con-full e-flex e-con e-child\" data-id=\"da06646\" data-element_type=\"container\">\n\t\t\t\t<div class=\"elementor-element elementor-element-6cc4362 elementor-widget elementor-widget-heading\" data-id=\"6cc4362\" data-element_type=\"widget\" data-widget_type=\"heading.default\">\n\t\t\t\t\t<h3 class=\"elementor-heading-title elementor-size-default\">Unsere Sprechzeiten:<\/h3>\t\t\t\t<\/div>\n\t\t\t\t<div class=\"elementor-element elementor-element-5f8a0bd elementor-widget__width-initial elementor-widget elementor-widget-price-list\" data-id=\"5f8a0bd\" data-element_type=\"widget\" data-widget_type=\"price-list.default\">\n\t\t\t\t\t\n\t\t<ul class=\"elementor-price-list\">\n\n\t\t\t\t\t\t\t\t\t<li class=\"elementor-price-list-item\">\t\t\t\t\n\t\t\t\t<div class=\"elementor-price-list-text\">\n\t\t\t\t\t\t\t\t\t<div class=\"elementor-price-list-header\">\n\t\t\t\t\t\t\t\t\t\t\t<span class=\"elementor-price-list-title\">\n\t\t\t\t\t\t\tMo\t\t\t\t\t\t<\/span>\n\t\t\t\t\t\t\t\t\t\t\t\t\t\t\t\t\t\t\t\t\t\t\t\t<span class=\"elementor-price-list-price\">08.00 \u2013 12.00&nbsp;&nbsp;&nbsp;14.00 \u2013 17.00<\/span>\n\t\t\t\t\t\t\t\t\t\t<\/div>\n\t\t\t\t\t\t\t\t\t\t\t\t<\/div>\n\t\t\t\t<\/li>\t\t\t\t\t\t\t\t\t\t\t\t<li class=\"elementor-price-list-item\">\t\t\t\t\n\t\t\t\t<div class=\"elementor-price-list-text\">\n\t\t\t\t\t\t\t\t\t<div class=\"elementor-price-list-header\">\n\t\t\t\t\t\t\t\t\t\t\t<span class=\"elementor-price-list-title\">\n\t\t\t\t\t\t\tDi\t\t\t\t\t\t<\/span>\n\t\t\t\t\t\t\t\t\t\t\t\t\t\t\t\t\t\t\t\t\t\t\t\t<span class=\"elementor-price-list-price\">08.00 \u2013 12.00&nbsp;&nbsp;&nbsp;14.00 \u2013 17.00<\/span>\n\t\t\t\t\t\t\t\t\t\t<\/div>\n\t\t\t\t\t\t\t\t\t\t\t\t<\/div>\n\t\t\t\t<\/li>\t\t\t\t\t\t\t\t\t\t\t\t<li class=\"elementor-price-list-item\">\t\t\t\t\n\t\t\t\t<div class=\"elementor-price-list-text\">\n\t\t\t\t\t\t\t\t\t<div class=\"elementor-price-list-header\">\n\t\t\t\t\t\t\t\t\t\t\t<span class=\"elementor-price-list-title\">\n\t\t\t\t\t\t\tMi\t\t\t\t\t\t<\/span>\n\t\t\t\t\t\t\t\t\t\t\t\t\t\t\t\t\t\t\t\t\t\t\t\t<span class=\"elementor-price-list-price\">08.00 \u2013 12.00<\/span>\n\t\t\t\t\t\t\t\t\t\t<\/div>\n\t\t\t\t\t\t\t\t\t\t\t\t<\/div>\n\t\t\t\t<\/li>\t\t\t\t\t\t\t\t\t\t\t\t<li class=\"elementor-price-list-item\">\t\t\t\t\n\t\t\t\t<div class=\"elementor-price-list-text\">\n\t\t\t\t\t\t\t\t\t<div class=\"elementor-price-list-header\">\n\t\t\t\t\t\t\t\t\t\t\t<span class=\"elementor-price-list-title\">\n\t\t\t\t\t\t\tDo\t\t\t\t\t\t<\/span>\n\t\t\t\t\t\t\t\t\t\t\t\t\t\t\t\t\t\t\t\t\t\t\t\t<span class=\"elementor-price-list-price\">08.00 \u2013 12.00&nbsp;&nbsp;&nbsp;14.00 \u2013 17.00<\/span>\n\t\t\t\t\t\t\t\t\t\t<\/div>\n\t\t\t\t\t\t\t\t\t\t\t\t<\/div>\n\t\t\t\t<\/li>\t\t\t\t\t\t\t\t\t\t\t\t<li><a class=\"elementor-price-list-item\" href=\"#\">\t\t\t\t\n\t\t\t\t<div class=\"elementor-price-list-text\">\n\t\t\t\t\t\t\t\t\t<div class=\"elementor-price-list-header\">\n\t\t\t\t\t\t\t\t\t\t\t<span class=\"elementor-price-list-title\">\n\t\t\t\t\t\t\tFr\t\t\t\t\t\t<\/span>\n\t\t\t\t\t\t\t\t\t\t\t\t\t\t\t\t\t\t\t\t\t\t\t\t<span class=\"elementor-price-list-price\">14.00  \u2013 16.00<\/span>\n\t\t\t\t\t\t\t\t\t\t<\/div>\n\t\t\t\t\t\t\t\t\t\t\t\t<\/div>\n\t\t\t\t<\/a><\/li>\t\t\t\t\t\n\t\t<\/ul>\n\n\t\t\t\t\t\t<\/div>\n\t\t\t\t<div class=\"elementor-element elementor-element-f3015f8 elementor-widget elementor-widget-text-editor\" data-id=\"f3015f8\" data-element_type=\"widget\" data-widget_type=\"text-editor.default\">\n\t\t\t\t\t\t\t\t\t<p>und nach Vereinbarung<br \/><strong>Telefon\u00a00821 &#8211; 497 333<\/strong><\/p>\t\t\t\t\t\t\t\t<\/div>\n\t\t\t\t<\/div>\n\t\t\t\t<\/div>\n\t\t\t\t<\/div>\n\t\t\t\t\t<\/div>\n\t\t\t\t<\/section>\n\t\t<aside class=\"elementor-element elementor-element-aa1b052 e-grid e-con-boxed elementor-invisible e-con e-parent\" data-id=\"aa1b052\" data-element_type=\"container\" data-settings=\"{&quot;background_background&quot;:&quot;classic&quot;,&quot;animation&quot;:&quot;fadeIn&quot;}\" aria-label=\"Information for patients\">\n\t\t\t\t\t<div class=\"e-con-inner\">\n\t\t<div class=\"elementor-element elementor-element-3997e2a e-con-full e-flex e-con e-child\" data-id=\"3997e2a\" data-element_type=\"container\" data-settings=\"{&quot;background_background&quot;:&quot;classic&quot;}\">\n\t\t<div class=\"elementor-element elementor-element-513a778 e-con-full e-flex e-con e-child\" data-id=\"513a778\" data-element_type=\"container\">\n\t\t\t\t<div class=\"elementor-element elementor-element-b05357b elementor-widget elementor-widget-heading\" data-id=\"b05357b\" data-element_type=\"widget\" data-widget_type=\"heading.default\">\n\t\t\t\t\t<h3 class=\"elementor-heading-title elementor-size-default\">So erreichen Sie uns:<\/h3>\t\t\t\t<\/div>\n\t\t\t\t<div class=\"elementor-element elementor-element-c6847e4 elementor-widget elementor-widget-text-editor\" data-id=\"c6847e4\" data-element_type=\"widget\" data-widget_type=\"text-editor.default\">\n\t\t\t\t\t\t\t\t\t<p>Kinder- und Jugend\u00e4rzte Gersthofen<\/p><p>Bahnhofstra\u00dfe 17 | 86368 Gersthofen<\/p><p>Telefon 0821\u2009-\u2009497\u2009333<br \/>Telefax\u2009\u00a00821\u2009-\u2009471\u2009420<\/p><p>praxis@kinderaerzte-gersthofen.de<\/p>\t\t\t\t\t\t\t\t<\/div>\n\t\t\t\t<div class=\"elementor-element elementor-element-5997ac5 elementor-widget elementor-widget-button\" data-id=\"5997ac5\" data-element_type=\"widget\" data-widget_type=\"button.default\">\n\t\t\t\t\t\t\t\t\t\t<a class=\"elementor-button elementor-button-link elementor-size-sm\" href=\"https:\/\/www.google.com\/maps\/place\/Kinder-+und+Jugend%C3%A4rzte+Dr.+med.+Zuhal+Tomas,+Sofie+Schneider,+Karina+Springsklee,+Dr.+med.+Ines+Leopold\/@48.425352,10.8718285,1609m\/data=!3m3!1e3!4b1!5s0x479ebc4aabe6ddc1:0x355c20912fa6160f!4m6!3m5!1s0x479ebd3059818b19:0x1d118a046d0dfa0f!8m2!3d48.4253485!4d10.8744088!16s%2Fg%2F11pr8jg221?entry=ttu&#038;g_ep=EgoyMDI1MTExNy4wIKXMDSoASAFQAw%3D%3D\" target=\"_blank\">\n\t\t\t\t\t\t<span class=\"elementor-button-content-wrapper\">\n\t\t\t\t\t\t\t\t\t<span class=\"elementor-button-text\">Anfahrt (Google)<\/span>\n\t\t\t\t\t<\/span>\n\t\t\t\t\t<\/a>\n\t\t\t\t\t\t\t\t<\/div>\n\t\t\t\t<\/div>\n\t\t\t\t<\/div>\n\t\t<div class=\"elementor-element elementor-element-4f3e1ba e-con-full e-flex e-con e-child\" data-id=\"4f3e1ba\" data-element_type=\"container\" data-settings=\"{&quot;background_background&quot;:&quot;classic&quot;}\">\n\t\t<div class=\"elementor-element elementor-element-a32e696 e-con-full e-flex e-con e-child\" data-id=\"a32e696\" data-element_type=\"container\">\n\t\t\t\t<div class=\"elementor-element elementor-element-82f0e0d elementor-widget elementor-widget-heading\" data-id=\"82f0e0d\" data-element_type=\"widget\" data-widget_type=\"heading.default\">\n\t\t\t\t\t<h3 class=\"elementor-heading-title elementor-size-default\">Notfall\/Betreuung au\u00dferhalb der Sprechzeiten<\/h3>\t\t\t\t<\/div>\n\t\t\t\t<div class=\"elementor-element elementor-element-450d6ac elementor-widget elementor-widget-text-editor\" data-id=\"450d6ac\" data-element_type=\"widget\" data-widget_type=\"text-editor.default\">\n\t\t\t\t\t\t\t\t\t<p>Au\u00dferhalb der oben angegeben Sprechzeiten sind wir entweder telefonisch erreichbar (\u00fcber Praxisanrufbeantworter Tel. 0821-497333) oder Sie werden an die zust\u00e4ndige Notfalladresseverwiesen (s. auch ausliegende Flyer in unserer Praxis).<\/p>\t\t\t\t\t\t\t\t<\/div>\n\t\t\t\t<div class=\"elementor-element elementor-element-2fdcadd elementor-widget elementor-widget-button\" data-id=\"2fdcadd\" data-element_type=\"widget\" data-widget_type=\"button.default\">\n\t\t\t\t\t\t\t\t\t\t<a class=\"elementor-button elementor-button-link elementor-size-sm\" href=\"http:\/\/ka.wunderwald.eu\/?page_id=1399\" target=\"_blank\">\n\t\t\t\t\t\t<span class=\"elementor-button-content-wrapper\">\n\t\t\t\t\t\t\t\t\t<span class=\"elementor-button-text\">Im Notfall<\/span>\n\t\t\t\t\t<\/span>\n\t\t\t\t\t<\/a>\n\t\t\t\t\t\t\t\t<\/div>\n\t\t\t\t<\/div>\n\t\t\t\t<\/div>\n\t\t<div class=\"elementor-element elementor-element-d687edd e-con-full e-flex e-con e-child\" data-id=\"d687edd\" data-element_type=\"container\" data-settings=\"{&quot;background_background&quot;:&quot;gradient&quot;}\">\n\t\t<div class=\"elementor-element elementor-element-d50b391 e-con-full e-flex e-con e-child\" data-id=\"d50b391\" data-element_type=\"container\">\n\t\t\t\t<div class=\"elementor-element elementor-element-9d6c344 elementor-view-default elementor-widget elementor-widget-icon\" data-id=\"9d6c344\" data-element_type=\"widget\" data-widget_type=\"icon.default\">\n\t\t\t\t\t\t\t<div class=\"elementor-icon-wrapper\">\n\t\t\t<div class=\"elementor-icon\">\n\t\t\t<svg aria-hidden=\"true\" class=\"e-font-icon-svg e-far-envelope\" viewBox=\"0 0 512 512\" xmlns=\"http:\/\/www.w3.org\/2000\/svg\"><path d=\"M464 64H48C21.49 64 0 85.49 0 112v288c0 26.51 21.49 48 48 48h416c26.51 0 48-21.49 48-48V112c0-26.51-21.49-48-48-48zm0 48v40.805c-22.422 18.259-58.168 46.651-134.587 106.49-16.841 13.247-50.201 45.072-73.413 44.701-23.208.375-56.579-31.459-73.413-44.701C106.18 199.465 70.425 171.067 48 152.805V112h416zM48 400V214.398c22.914 18.251 55.409 43.862 104.938 82.646 21.857 17.205 60.134 55.186 103.062 54.955 42.717.231 80.509-37.199 103.053-54.947 49.528-38.783 82.032-64.401 104.947-82.653V400H48z\"><\/path><\/svg>\t\t\t<\/div>\n\t\t<\/div>\n\t\t\t\t\t\t<\/div>\n\t\t\t\t<div class=\"elementor-element elementor-element-7f3876f elementor-widget elementor-widget-heading\" data-id=\"7f3876f\" data-element_type=\"widget\" data-widget_type=\"heading.default\">\n\t\t\t\t\t<h3 class=\"elementor-heading-title elementor-size-default\">Sie haben Fragen? <br>Schreiben Sie uns.<\/h3>\t\t\t\t<\/div>\n\t\t\t\t<div class=\"elementor-element elementor-element-4003d19 elementor-widget elementor-widget-button\" data-id=\"4003d19\" data-element_type=\"widget\" data-widget_type=\"button.default\">\n\t\t\t\t\t\t\t\t\t\t<a class=\"elementor-button elementor-button-link elementor-size-sm\" href=\"mailto:praxis@kinderaerzte-gersthofen.de?subject=Anfrage%20\u00fcber%20Website\" target=\"_blank\">\n\t\t\t\t\t\t<span class=\"elementor-button-content-wrapper\">\n\t\t\t\t\t\t\t\t\t<span class=\"elementor-button-text\">E-Mail an uns<\/span>\n\t\t\t\t\t<\/span>\n\t\t\t\t\t<\/a>\n\t\t\t\t\t\t\t\t<\/div>\n\t\t\t\t<\/div>\n\t\t\t\t<\/div>\n\t\t\t\t\t<\/div>\n\t\t\t\t<\/aside>\n\t\t\t\t<\/div>\n\t\t","protected":false},"excerpt":{"rendered":"<p>Unsere Sprechzeiten: Mo 08.00 \u2013 12.00&nbsp;&nbsp;&nbsp;14.00 \u2013 17.00 Di 08.00 \u2013 12.00&nbsp;&nbsp;&nbsp;14.00 \u2013 17.00 Mi 08.00 \u2013 12.00 Do 08.00 \u2013 12.00&nbsp;&nbsp;&nbsp;14.00 \u2013 17.00 Fr 14.00 \u2013 16.00 und nach VereinbarungTelefon\u00a00821 &#8211; 497 333 So erreichen Sie uns: Kinder- und Jugend\u00e4rzte Gersthofen Bahnhofstra\u00dfe 17 | 86368 Gersthofen Telefon 0821\u2009-\u2009497\u2009333Telefax\u2009\u00a00821\u2009-\u2009471\u2009420 praxis@kinderaerzte-gersthofen.de Anfahrt (Google) Notfall\/Betreuung au\u00dferhalb der [&hellip;]<\/p>\n","protected":false},"author":1,"featured_media":0,"parent":0,"menu_order":900,"comment_status":"closed","ping_status":"closed","template":"","meta":{"footnotes":""},"class_list":["post-1395","page","type-page","status-publish","hentry"],"_links":{"self":[{"href":"https:\/\/ka.wunderwald.eu\/index.php?rest_route=\/wp\/v2\/pages\/1395","targetHints":{"allow":["GET"]}}],"collection":[{"href":"https:\/\/ka.wunderwald.eu\/index.php?rest_route=\/wp\/v2\/pages"}],"about":[{"href":"https:\/\/ka.wunderwald.eu\/index.php?rest_route=\/wp\/v2\/types\/page"}],"author":[{"embeddable":true,"href":"https:\/\/ka.wunderwald.eu\/index.php?rest_route=\/wp\/v2\/users\/1"}],"replies":[{"embeddable":true,"href":"https:\/\/ka.wunderwald.eu\/index.php?rest_route=%2Fwp%2Fv2%2Fcomments&post=1395"}],"version-history":[{"count":12,"href":"https:\/\/ka.wunderwald.eu\/index.php?rest_route=\/wp\/v2\/pages\/1395\/revisions"}],"predecessor-version":[{"id":2556,"href":"https:\/\/ka.wunderwald.eu\/index.php?rest_route=\/wp\/v2\/pages\/1395\/revisions\/2556"}],"wp:attachment":[{"href":"https:\/\/ka.wunderwald.eu\/index.php?rest_route=%2Fwp%2Fv2%2Fmedia&parent=1395"}],"curies":[{"name":"wp","href":"https:\/\/api.w.org\/{rel}","templated":true}]}}