{"id":1390,"date":"2025-10-29T10:20:36","date_gmt":"2025-10-29T09:20:36","guid":{"rendered":"http:\/\/kinderaerzte-gersthofen.wunderwald.eu\/?page_id=1390"},"modified":"2025-11-24T12:02:08","modified_gmt":"2025-11-24T11:02:08","slug":"impfungen","status":"publish","type":"page","link":"https:\/\/ka.wunderwald.eu\/?page_id=1390","title":{"rendered":"Impfungen"},"content":{"rendered":"\t\t<div data-elementor-type=\"wp-page\" data-elementor-id=\"1390\" class=\"elementor elementor-1390\" data-elementor-post-type=\"page\">\n\t\t\t\t<section class=\"elementor-element elementor-element-2859f5c e-flex e-con-boxed elementor-invisible e-con e-parent\" data-id=\"2859f5c\" data-element_type=\"container\" data-settings=\"{&quot;background_background&quot;:&quot;classic&quot;,&quot;animation&quot;:&quot;fadeIn&quot;}\">\n\t\t\t\t\t<div class=\"e-con-inner\">\n\t\t<div class=\"elementor-element elementor-element-e737992 e-con-full e-flex e-con e-child\" data-id=\"e737992\" data-element_type=\"container\" data-settings=\"{&quot;background_background&quot;:&quot;classic&quot;}\">\n\t\t\t\t<\/div>\n\t\t<div class=\"elementor-element elementor-element-3d2b65e e-con-full e-flex e-con e-child\" data-id=\"3d2b65e\" data-element_type=\"container\" data-settings=\"{&quot;background_background&quot;:&quot;gradient&quot;}\">\n\t\t<div class=\"elementor-element elementor-element-c635803 e-con-full e-flex e-con e-child\" data-id=\"c635803\" data-element_type=\"container\">\n\t\t\t\t<div class=\"elementor-element elementor-element-30a34f9 elementor-view-default elementor-widget elementor-widget-icon\" data-id=\"30a34f9\" data-element_type=\"widget\" data-widget_type=\"icon.default\">\n\t\t\t\t\t\t\t<div class=\"elementor-icon-wrapper\">\n\t\t\t<div class=\"elementor-icon\">\n\t\t\t<svg aria-hidden=\"true\" class=\"e-font-icon-svg e-fas-umbrella\" viewBox=\"0 0 576 512\" xmlns=\"http:\/\/www.w3.org\/2000\/svg\"><path d=\"M575.7 280.8C547.1 144.5 437.3 62.6 320 49.9V32c0-17.7-14.3-32-32-32s-32 14.3-32 32v17.9C138.3 62.6 29.5 144.5.3 280.8c-2.2 10.1 8.5 21.3 18.7 11.4 52-55 107.7-52.4 158.6 37 5.3 9.5 14.9 8.6 19.7 0 20.2-35.4 44.9-73.2 90.7-73.2 58.5 0 88.2 68.8 90.7 73.2 4.8 8.6 14.4 9.5 19.7 0 51-89.5 107.1-91.4 158.6-37 10.3 10 20.9-1.3 18.7-11.4zM256 301.7V432c0 8.8-7.2 16-16 16-7.8 0-13.2-5.3-15.1-10.7-5.9-16.7-24.1-25.4-40.8-19.5-16.7 5.9-25.4 24.2-19.5 40.8 11.2 31.9 41.6 53.3 75.4 53.3 44.1 0 80-35.9 80-80V301.6c-9.1-7.9-19.8-13.6-32-13.6-12.3.1-22.4 4.8-32 13.7z\"><\/path><\/svg>\t\t\t<\/div>\n\t\t<\/div>\n\t\t\t\t\t\t<\/div>\n\t\t\t\t<div class=\"elementor-element elementor-element-9c016b1 elementor-widget elementor-widget-heading\" data-id=\"9c016b1\" data-element_type=\"widget\" data-widget_type=\"heading.default\">\n\t\t\t\t\t<h1 class=\"elementor-heading-title elementor-size-default\">Impfungen<\/h1>\t\t\t\t<\/div>\n\t\t\t\t<div class=\"elementor-element elementor-element-6a5819e elementor-widget elementor-widget-text-editor\" data-id=\"6a5819e\" data-element_type=\"widget\" data-widget_type=\"text-editor.default\">\n\t\t\t\t\t\t\t\t\t<p><strong>Wir bieten donnerstags und freitags von 14:00 bis 15:00 Uhr eine offene Impfsprechstunde an.<\/strong>\u00a0Bringen Sie hierf\u00fcr bitte unbedingt die Versicherungskarte und das Impfbuch mit. Selbstverst\u00e4ndlich neben den regul\u00e4ren Terminen.<\/p>\t\t\t\t\t\t\t\t<\/div>\n\t\t\t\t<\/div>\n\t\t\t\t<\/div>\n\t\t\t\t\t<\/div>\n\t\t\t\t<\/section>\n\t\t<section class=\"elementor-element elementor-element-a16ea6e e-flex e-con-boxed elementor-invisible e-con e-parent\" data-id=\"a16ea6e\" data-element_type=\"container\" data-settings=\"{&quot;background_background&quot;:&quot;classic&quot;,&quot;animation&quot;:&quot;fadeIn&quot;}\">\n\t\t\t\t\t<div class=\"e-con-inner\">\n\t\t<div class=\"elementor-element elementor-element-bc53494 e-con-full e-flex e-con e-child\" data-id=\"bc53494\" data-element_type=\"container\">\n\t\t<div class=\"elementor-element elementor-element-b3fa715 e-con-full e-flex e-con e-child\" data-id=\"b3fa715\" data-element_type=\"container\">\n\t\t\t\t<div class=\"elementor-element elementor-element-2a79964 elementor-widget elementor-widget-heading\" data-id=\"2a79964\" data-element_type=\"widget\" data-widget_type=\"heading.default\">\n\t\t\t\t\t<span class=\"elementor-heading-title elementor-size-default\">Bitte beachten:<\/span>\t\t\t\t<\/div>\n\t\t\t\t<div class=\"elementor-element elementor-element-4d83d7a elementor-widget elementor-widget-text-editor\" data-id=\"4d83d7a\" data-element_type=\"widget\" data-widget_type=\"text-editor.default\">\n\t\t\t\t\t\t\t\t\t<p><strong>An diesem Termin ist ausschlie\u00dflich eine Impfung geplant, f\u00fcr ausf\u00fchrliche Beratungen\/Besprechungen bitte wir Sie einen separaten Termin zu vereinbaren. Die Kinder sollten an diesem Termin infektfrei sein.<\/strong><\/p><p>Wir bieten Ihnen zudem reisemedizinische Beratungen inklusiver erforderlicher Impfungen, die meistens keine Leistung der gesetzlichen Krankenkassen sind. Informieren Sie sich vorab bei Ihrer Krankenkasse \u00fcber eine eventuelle Erstattung.<\/p><p>Weitere Informationen \u00fcber Impfungen finden Sie auf den\u00a0Seiten des\u00a0RKI.<\/p>\t\t\t\t\t\t\t\t<\/div>\n\t\t\t\t<\/div>\n\t\t<div class=\"elementor-element elementor-element-4b1b1e5 e-con-full e-flex e-con e-child\" data-id=\"4b1b1e5\" data-element_type=\"container\">\n\t\t\t\t<div class=\"elementor-element elementor-element-482dd29 elementor-widget elementor-widget-heading\" data-id=\"482dd29\" data-element_type=\"widget\" data-widget_type=\"heading.default\">\n\t\t\t\t\t<span class=\"elementor-heading-title elementor-size-default\">Nur mit Termin!<\/span>\t\t\t\t<\/div>\n\t\t\t\t<div class=\"elementor-element elementor-element-07bd100 elementor-widget elementor-widget-text-editor\" data-id=\"07bd100\" data-element_type=\"widget\" data-widget_type=\"text-editor.default\">\n\t\t\t\t\t\t\t\t\t<p><strong>Wir bitten Sie, nicht ohne vorher vereinbarten Termin in die Praxis zu kommen, um den Ablauf in der Praxis reibungslos gew\u00e4hrleisten zu k\u00f6nnen. Je nach Dringlichkeit bem\u00fchen wir uns jeden Patienten noch am selben Tag zu\u00a0sehen.<\/strong><\/p><p>Ben\u00f6tigen Sie weitere Informationen, fragen Sie gerne unser Praxis-Team.<\/p>\t\t\t\t\t\t\t\t<\/div>\n\t\t\t\t<\/div>\n\t\t\t\t<\/div>\n\t\t<div class=\"elementor-element elementor-element-e691155 e-con-full e-flex e-con e-child\" data-id=\"e691155\" data-element_type=\"container\">\n\t\t<div class=\"elementor-element elementor-element-7a8d073 e-con-full e-flex e-con e-child\" data-id=\"7a8d073\" data-element_type=\"container\" data-settings=\"{&quot;background_background&quot;:&quot;classic&quot;}\">\n\t\t<div class=\"elementor-element elementor-element-0a14632 e-con-full e-flex e-con e-child\" data-id=\"0a14632\" data-element_type=\"container\">\n\t\t\t\t<div class=\"elementor-element elementor-element-0adb88f elementor-widget elementor-widget-heading\" data-id=\"0adb88f\" data-element_type=\"widget\" data-widget_type=\"heading.default\">\n\t\t\t\t\t<h2 class=\"elementor-heading-title elementor-size-default\">\nAktuelle Impfempfehlungen:<\/h2>\t\t\t\t<\/div>\n\t\t\t\t<div class=\"elementor-element elementor-element-17a19e2 elementor-widget elementor-widget-text-editor\" data-id=\"17a19e2\" data-element_type=\"widget\" data-widget_type=\"text-editor.default\">\n\t\t\t\t\t\t\t\t\t<ul><li>Die STIKO empfiehlt seit Januar 2024 allen S\u00e4uglingen ab zwei Monaten eine Standardimpfung gegen Meningokokken der Serogruppe B (MenB) mit dem Impfstoff 4CMenB (Bexero). Die Impfung soll bei Kleinkindern bis zum 5. Geburtstag nachgeholt werden. Leider m\u00fcssen Sie hier noch in Vorkasse gehen.<\/li><li>Weiterhin empfiehlt die STIKO die einmalige RSV-Prophylaxe (Impfung) bei allen Neugeborenen und S\u00e4uglingen zur Vermeidung schwerer Atemwegserkrankungen.<\/li><li>U.a. wird vor anstehendem Winter zur\u00a0Grippeimpfung f\u00fcr Kinder ab 6 Monaten, insbesondere f\u00fcr solche, mit chronischen Vorerkrankungen, geraten.<\/li><\/ul>\t\t\t\t\t\t\t\t<\/div>\n\t\t\t\t<\/div>\n\t\t\t\t<\/div>\n\t\t\t\t<\/div>\n\t\t\t\t\t<\/div>\n\t\t\t\t<\/section>\n\t\t\t\t<\/div>\n\t\t","protected":false},"excerpt":{"rendered":"<p>Impfungen Wir bieten donnerstags und freitags von 14:00 bis 15:00 Uhr eine offene Impfsprechstunde an.\u00a0Bringen Sie hierf\u00fcr bitte unbedingt die Versicherungskarte und das Impfbuch mit. Selbstverst\u00e4ndlich neben den regul\u00e4ren Terminen. Bitte beachten: An diesem Termin ist ausschlie\u00dflich eine Impfung geplant, f\u00fcr ausf\u00fchrliche Beratungen\/Besprechungen bitte wir Sie einen separaten Termin zu vereinbaren. Die Kinder sollten an [&hellip;]<\/p>\n","protected":false},"author":1,"featured_media":0,"parent":0,"menu_order":400,"comment_status":"closed","ping_status":"closed","template":"","meta":{"footnotes":""},"class_list":["post-1390","page","type-page","status-publish","hentry"],"_links":{"self":[{"href":"https:\/\/ka.wunderwald.eu\/index.php?rest_route=\/wp\/v2\/pages\/1390","targetHints":{"allow":["GET"]}}],"collection":[{"href":"https:\/\/ka.wunderwald.eu\/index.php?rest_route=\/wp\/v2\/pages"}],"about":[{"href":"https:\/\/ka.wunderwald.eu\/index.php?rest_route=\/wp\/v2\/types\/page"}],"author":[{"embeddable":true,"href":"https:\/\/ka.wunderwald.eu\/index.php?rest_route=\/wp\/v2\/users\/1"}],"replies":[{"embeddable":true,"href":"https:\/\/ka.wunderwald.eu\/index.php?rest_route=%2Fwp%2Fv2%2Fcomments&post=1390"}],"version-history":[{"count":6,"href":"https:\/\/ka.wunderwald.eu\/index.php?rest_route=\/wp\/v2\/pages\/1390\/revisions"}],"predecessor-version":[{"id":2568,"href":"https:\/\/ka.wunderwald.eu\/index.php?rest_route=\/wp\/v2\/pages\/1390\/revisions\/2568"}],"wp:attachment":[{"href":"https:\/\/ka.wunderwald.eu\/index.php?rest_route=%2Fwp%2Fv2%2Fmedia&parent=1390"}],"curies":[{"name":"wp","href":"https:\/\/api.w.org\/{rel}","templated":true}]}}